{"id":41,"date":"2015-12-14T18:09:08","date_gmt":"2015-12-14T18:09:08","guid":{"rendered":"http:\/\/philippetardif.fr\/?page_id=41"},"modified":"2019-06-27T12:16:29","modified_gmt":"2019-06-27T12:16:29","slug":"tutoriels","status":"publish","type":"page","link":"https:\/\/philippetardif.fr\/index.php\/tutoriels\/","title":{"rendered":"TUTORIELS"},"content":{"rendered":"<p>:<\/p>\n<h2>BLENDER tutoriels<\/h2>\n<p>Faire flotter un bateau:<\/p>\n<p><img loading=\"lazy\" decoding=\"async\" class=\"wp-image-160 size-thumbnail\" src=\"https:\/\/philippetardif.fr\/wp-content\/uploads\/2015\/12\/vagues-150x150.jpg\" alt=\"Vagues\" width=\"150\" height=\"150\" \/><\/p>\n<ol>\n<li>Comment faire flotter un bateau sur l&rsquo;oc\u00e9an:<span style=\"text-decoration: underline;\"><a href=\"https:\/\/philippetardif.fr\/index.php\/2016\/01\/17\/faire-flotter-un-bateau-avec-blender-et-dynamic-paint-1ere-partie\/\" target=\"_blank\" rel=\"noopener noreferrer\"> 1\u00e8re partie<\/a>\u00a0<\/span><\/li>\n<li>Comment faire des vagues d&rsquo;\u00e9trave sur l&rsquo;oc\u00e9an:<span style=\"text-decoration: underline;\"><a href=\"https:\/\/philippetardif.fr\/index.php\/2016\/01\/17\/faire-des-vagues-grace-au-dynamic-paint-de-blender\/\" target=\"_blank\" rel=\"noopener noreferrer\"> 2 \u00e8me partie<\/a><\/span><\/li>\n<li>Comment faire un oc\u00e9an infini :<span style=\"text-decoration: underline;\"> <a href=\"https:\/\/philippetardif.fr\/index.php\/2016\/01\/17\/comment-faire-un-ocean-infini-dans-blender\/\">3 \u00e8me partie<\/a><\/span><\/li>\n<li>Comment cr\u00e9er un shader \u00ab\u00a0Cycle\u00a0\u00bb pour l&rsquo;oc\u00e9an: <span style=\"text-decoration: underline;\"><a href=\"https:\/\/philippetardif.fr\/index.php\/2016\/01\/17\/donner-de-la-couleur-a-locean\/\">4\u00e9me partie<\/a><\/span><\/li>\n<li>Ecoper le bateau avec les bool\u00e9ens : <a href=\"https:\/\/philippetardif.fr\/index.php\/2016\/05\/09\/ecoper-un-bateau-en-3d-avec-blender\/\">5 \u00e8me partie<\/a><\/li>\n<li><span style=\"text-decoration: underline;\"><a href=\"https:\/\/philippetardif.fr\/index.php\/2016\/01\/17\/voilier-sur-ocean-avec-blender-cycle\/\">r\u00e9sultat avec profondeur de champ<\/a><\/span><\/li>\n<\/ol>\n<hr \/>\n<p>Tuto chenille:<\/p>\n<p><a href=\"https:\/\/philippetardif.fr\/wp-content\/uploads\/CHENILLE-.png\"><img loading=\"lazy\" decoding=\"async\" class=\"wp-image-529 size-medium alignleft\" src=\"https:\/\/philippetardif.fr\/wp-content\/uploads\/CHENILLE--300x169.png\" alt=\"\" width=\"300\" height=\"169\" srcset=\"https:\/\/philippetardif.fr\/wp-content\/uploads\/CHENILLE--300x169.png 300w, https:\/\/philippetardif.fr\/wp-content\/uploads\/CHENILLE--350x197.png 350w, https:\/\/philippetardif.fr\/wp-content\/uploads\/CHENILLE--860x484.png 860w, https:\/\/philippetardif.fr\/wp-content\/uploads\/CHENILLE-.png 960w\" sizes=\"(max-width: 300px) 100vw, 300px\" \/><\/a><\/p>\n<hr \/>\n<blockquote class=\"wp-embedded-content\" data-secret=\"GqmKPZO9p3\"><p><a href=\"https:\/\/philippetardif.fr\/index.php\/2019\/06\/27\/coller-la-chenille-a-une-surface\/\">Coller la chenille \u00e0 une surface<\/a><\/p><\/blockquote>\n<p><iframe title=\"\u00ab\u00a0Coller la chenille \u00e0 une surface\u00a0\u00bb &#8212; Philippe Tardif\" class=\"wp-embedded-content\" sandbox=\"allow-scripts\" security=\"restricted\" style=\"position: absolute; clip: rect(1px, 1px, 1px, 1px);\" src=\"https:\/\/philippetardif.fr\/index.php\/2019\/06\/27\/coller-la-chenille-a-une-surface\/embed\/#?secret=GqmKPZO9p3\" data-secret=\"GqmKPZO9p3\" width=\"600\" height=\"338\" frameborder=\"0\" marginwidth=\"0\" marginheight=\"0\" scrolling=\"no\"><\/iframe><\/p>\n","protected":false},"excerpt":{"rendered":"<p>: BLENDER tutoriels Faire flotter un bateau: Comment faire flotter un bateau sur l&rsquo;oc\u00e9an: 1\u00e8re partie\u00a0 Comment faire des vagues d&rsquo;\u00e9trave sur l&rsquo;oc\u00e9an: 2 \u00e8me partie Comment faire un oc\u00e9an infini : 3 \u00e8me partie Comment cr\u00e9er un shader \u00ab\u00a0Cycle\u00a0\u00bb pour l&rsquo;oc\u00e9an: 4\u00e9me partie Ecoper le bateau avec les bool\u00e9ens : 5 \u00e8me partie r\u00e9sultat <a class=\"more-link\" href=\"https:\/\/philippetardif.fr\/index.php\/tutoriels\/\">Lire plus &#8230;<\/a><\/p>\n","protected":false},"author":1,"featured_media":0,"parent":0,"menu_order":0,"comment_status":"closed","ping_status":"closed","template":"","meta":{"footnotes":""},"_links":{"self":[{"href":"https:\/\/philippetardif.fr\/index.php\/wp-json\/wp\/v2\/pages\/41"}],"collection":[{"href":"https:\/\/philippetardif.fr\/index.php\/wp-json\/wp\/v2\/pages"}],"about":[{"href":"https:\/\/philippetardif.fr\/index.php\/wp-json\/wp\/v2\/types\/page"}],"author":[{"embeddable":true,"href":"https:\/\/philippetardif.fr\/index.php\/wp-json\/wp\/v2\/users\/1"}],"replies":[{"embeddable":true,"href":"https:\/\/philippetardif.fr\/index.php\/wp-json\/wp\/v2\/comments?post=41"}],"version-history":[{"count":21,"href":"https:\/\/philippetardif.fr\/index.php\/wp-json\/wp\/v2\/pages\/41\/revisions"}],"predecessor-version":[{"id":550,"href":"https:\/\/philippetardif.fr\/index.php\/wp-json\/wp\/v2\/pages\/41\/revisions\/550"}],"wp:attachment":[{"href":"https:\/\/philippetardif.fr\/index.php\/wp-json\/wp\/v2\/media?parent=41"}],"curies":[{"name":"wp","href":"https:\/\/api.w.org\/{rel}","templated":true}]}}